{"id":608,"date":"2021-01-13T14:50:43","date_gmt":"2021-01-13T13:50:43","guid":{"rendered":"https:\/\/jdd-tunisie.com\/fr\/?page_id=608"},"modified":"2021-01-13T14:50:43","modified_gmt":"2021-01-13T13:50:43","slug":"contact","status":"publish","type":"page","link":"https:\/\/jdd-tunisie.com\/fr\/contact\/","title":{"rendered":"Contact"},"content":{"rendered":"\n<div class=\"wp-block-contact-form-7-contact-form-selector\">\n<div class=\"wpcf7 no-js\" id=\"wpcf7-f14111-o1\" lang=\"fr-FR\" dir=\"ltr\" data-wpcf7-id=\"14111\">\n<div class=\"screen-reader-response\"><p role=\"status\" aria-live=\"polite\" aria-atomic=\"true\"><\/p> <ul><\/ul><\/div>\n<form action=\"\/fr\/wp-json\/wp\/v2\/pages\/608#wpcf7-f14111-o1\" method=\"post\" class=\"wpcf7-form init\" aria-label=\"Formulaire de contact\" novalidate=\"novalidate\" data-status=\"init\">\n<fieldset class=\"hidden-fields-container\"><input type=\"hidden\" name=\"_wpcf7\" value=\"14111\" \/><input type=\"hidden\" name=\"_wpcf7_version\" value=\"6.1.5\" \/><input type=\"hidden\" name=\"_wpcf7_locale\" value=\"fr_FR\" \/><input type=\"hidden\" name=\"_wpcf7_unit_tag\" value=\"wpcf7-f14111-o1\" \/><input type=\"hidden\" name=\"_wpcf7_container_post\" value=\"0\" \/><input type=\"hidden\" name=\"_wpcf7_posted_data_hash\" value=\"\" \/>\n<\/fieldset>\n<p><label> Votre nom<br \/>\n<span class=\"wpcf7-form-control-wrap\" data-name=\"your-name\"><input size=\"40\" maxlength=\"400\" class=\"wpcf7-form-control wpcf7-text wpcf7-validates-as-required\" autocomplete=\"name\" aria-required=\"true\" aria-invalid=\"false\" value=\"\" type=\"text\" name=\"your-name\" \/><\/span> <\/label>\n<\/p>\n<p><label> Votre e-mail<br \/>\n<span class=\"wpcf7-form-control-wrap\" data-name=\"your-email\"><input size=\"40\" maxlength=\"400\" class=\"wpcf7-form-control wpcf7-email wpcf7-validates-as-required wpcf7-text wpcf7-validates-as-email\" autocomplete=\"email\" aria-required=\"true\" aria-invalid=\"false\" value=\"\" type=\"email\" name=\"your-email\" \/><\/span> <\/label>\n<\/p>\n<p><label> Objet<br \/>\n<span class=\"wpcf7-form-control-wrap\" data-name=\"your-subject\"><input size=\"40\" maxlength=\"400\" class=\"wpcf7-form-control wpcf7-text wpcf7-validates-as-required\" aria-required=\"true\" aria-invalid=\"false\" value=\"\" type=\"text\" name=\"your-subject\" \/><\/span> <\/label>\n<\/p>\n<p><label> Votre message (facultatif)<br \/>\n<span class=\"wpcf7-form-control-wrap\" data-name=\"your-message\"><textarea cols=\"40\" rows=\"10\" maxlength=\"2000\" class=\"wpcf7-form-control wpcf7-textarea\" aria-invalid=\"false\" name=\"your-message\"><\/textarea><\/span> <\/label>\n<\/p>\n<p><input class=\"wpcf7-form-control wpcf7-submit has-spinner\" type=\"submit\" value=\"Envoyer\" \/>\n<\/p><div class=\"wpcf7-response-output\" aria-hidden=\"true\"><\/div>\n<\/form>\n<\/div>\n<\/div>\n","protected":false},"excerpt":{"rendered":"","protected":false},"author":1,"featured_media":0,"parent":0,"menu_order":0,"comment_status":"closed","ping_status":"closed","template":"","meta":{"tdm_status":"","tdm_grid_status":"","footnotes":""},"class_list":["post-608","page","type-page","status-publish"],"yoast_head":"<!-- This site is optimized with the Yoast SEO plugin v27.4 - https:\/\/yoast.com\/product\/yoast-seo-wordpress\/ -->\n<title>Contact | JDD TUNISIE FR<\/title>\n<meta name=\"robots\" content=\"index, follow, max-snippet:-1, max-image-preview:large, max-video-preview:-1\" \/>\n<link rel=\"canonical\" href=\"https:\/\/jdd-tunisie.com\/fr\/contact\/\" \/>\n<meta property=\"og:locale\" content=\"fr_FR\" \/>\n<meta property=\"og:type\" content=\"article\" \/>\n<meta property=\"og:title\" content=\"Contact | JDD TUNISIE FR\" \/>\n<meta property=\"og:url\" content=\"https:\/\/jdd-tunisie.com\/fr\/contact\/\" \/>\n<meta property=\"og:site_name\" content=\"JDD TUNISIE FR\" \/>\n<meta property=\"article:publisher\" content=\"https:\/\/www.facebook.com\/JDDTunisie\" \/>\n<meta property=\"og:image\" content=\"https:\/\/jdd-tunisie.com\/fr\/wp-content\/uploads\/2025\/11\/Logo.png\" \/>\n\t<meta property=\"og:image:width\" content=\"391\" \/>\n\t<meta property=\"og:image:height\" content=\"129\" \/>\n\t<meta property=\"og:image:type\" content=\"image\/png\" \/>\n<meta name=\"twitter:card\" content=\"summary_large_image\" \/>\n<meta name=\"twitter:site\" content=\"@JddTunisie\" \/>\n<script type=\"application\/ld+json\" class=\"yoast-schema-graph\">{\"@context\":\"https:\\\/\\\/schema.org\",\"@graph\":[{\"@type\":\"NewsArticle\",\"@id\":\"https:\\\/\\\/jdd-tunisie.com\\\/fr\\\/contact\\\/#article\",\"isPartOf\":{\"@id\":\"https:\\\/\\\/jdd-tunisie.com\\\/fr\\\/contact\\\/\"},\"author\":{\"name\":\"Mongikhadraoui\",\"@id\":\"https:\\\/\\\/jdd-tunisie.com\\\/fr\\\/#\\\/schema\\\/person\\\/8dfe30aced71517f8487451792ff46e0\"},\"headline\":\"Contact\",\"datePublished\":\"2021-01-13T13:50:43+00:00\",\"mainEntityOfPage\":{\"@id\":\"https:\\\/\\\/jdd-tunisie.com\\\/fr\\\/contact\\\/\"},\"wordCount\":7,\"publisher\":{\"@id\":\"https:\\\/\\\/jdd-tunisie.com\\\/fr\\\/#organization\"},\"inLanguage\":\"fr-FR\"},{\"@type\":\"WebPage\",\"@id\":\"https:\\\/\\\/jdd-tunisie.com\\\/fr\\\/contact\\\/\",\"url\":\"https:\\\/\\\/jdd-tunisie.com\\\/fr\\\/contact\\\/\",\"name\":\"Contact | JDD TUNISIE FR\",\"isPartOf\":{\"@id\":\"https:\\\/\\\/jdd-tunisie.com\\\/fr\\\/#website\"},\"datePublished\":\"2021-01-13T13:50:43+00:00\",\"breadcrumb\":{\"@id\":\"https:\\\/\\\/jdd-tunisie.com\\\/fr\\\/contact\\\/#breadcrumb\"},\"inLanguage\":\"fr-FR\",\"potentialAction\":[{\"@type\":\"ReadAction\",\"target\":[\"https:\\\/\\\/jdd-tunisie.com\\\/fr\\\/contact\\\/\"]}]},{\"@type\":\"BreadcrumbList\",\"@id\":\"https:\\\/\\\/jdd-tunisie.com\\\/fr\\\/contact\\\/#breadcrumb\",\"itemListElement\":[{\"@type\":\"ListItem\",\"position\":1,\"name\":\"Accueil\",\"item\":\"https:\\\/\\\/jdd-tunisie.com\\\/fr\\\/\"},{\"@type\":\"ListItem\",\"position\":2,\"name\":\"Contact\"}]},{\"@type\":\"WebSite\",\"@id\":\"https:\\\/\\\/jdd-tunisie.com\\\/fr\\\/#website\",\"url\":\"https:\\\/\\\/jdd-tunisie.com\\\/fr\\\/\",\"name\":\"JDD Tunisie\",\"description\":\"JDD Tunisie - M\u00e9dia de Qualit\u00e9 | Actualit\u00e9 Tunisienne | Information Objective\",\"publisher\":{\"@id\":\"https:\\\/\\\/jdd-tunisie.com\\\/fr\\\/#organization\"},\"alternateName\":\"JDD Tunisie fr\",\"potentialAction\":[{\"@type\":\"SearchAction\",\"target\":{\"@type\":\"EntryPoint\",\"urlTemplate\":\"https:\\\/\\\/jdd-tunisie.com\\\/fr\\\/?s={search_term_string}\"},\"query-input\":{\"@type\":\"PropertyValueSpecification\",\"valueRequired\":true,\"valueName\":\"search_term_string\"}}],\"inLanguage\":\"fr-FR\"},{\"@type\":\"Organization\",\"@id\":\"https:\\\/\\\/jdd-tunisie.com\\\/fr\\\/#organization\",\"name\":\"JDD TUNISIE\",\"alternateName\":\"JDD TUNISIE fr\",\"url\":\"https:\\\/\\\/jdd-tunisie.com\\\/fr\\\/\",\"logo\":{\"@type\":\"ImageObject\",\"inLanguage\":\"fr-FR\",\"@id\":\"https:\\\/\\\/jdd-tunisie.com\\\/fr\\\/#\\\/schema\\\/logo\\\/image\\\/\",\"url\":\"https:\\\/\\\/jdd-tunisie.com\\\/fr\\\/wp-content\\\/uploads\\\/2025\\\/11\\\/LogoN_Noir.png\",\"contentUrl\":\"https:\\\/\\\/jdd-tunisie.com\\\/fr\\\/wp-content\\\/uploads\\\/2025\\\/11\\\/LogoN_Noir.png\",\"width\":299,\"height\":338,\"caption\":\"JDD TUNISIE\"},\"image\":{\"@id\":\"https:\\\/\\\/jdd-tunisie.com\\\/fr\\\/#\\\/schema\\\/logo\\\/image\\\/\"},\"sameAs\":[\"https:\\\/\\\/www.facebook.com\\\/JDDTunisie\",\"https:\\\/\\\/x.com\\\/JddTunisie\",\"https:\\\/\\\/www.pinterest.com\\\/khadraouimongi\",\"https:\\\/\\\/www.linkedin.com\\\/company\\\/jdd-tunisie\",\"https:\\\/\\\/www.instagram.com\\\/jddtunisie\\\/\"]},{\"@type\":\"Person\",\"@id\":\"https:\\\/\\\/jdd-tunisie.com\\\/fr\\\/#\\\/schema\\\/person\\\/8dfe30aced71517f8487451792ff46e0\",\"name\":\"Mongikhadraoui\",\"image\":{\"@type\":\"ImageObject\",\"inLanguage\":\"fr-FR\",\"@id\":\"https:\\\/\\\/secure.gravatar.com\\\/avatar\\\/6d0b0db2e85dd36135bfa9d9bce8a3a02aedd5ee63ff17c1cd1271b1cd1581c3?s=96&d=mm&r=g\",\"url\":\"https:\\\/\\\/secure.gravatar.com\\\/avatar\\\/6d0b0db2e85dd36135bfa9d9bce8a3a02aedd5ee63ff17c1cd1271b1cd1581c3?s=96&d=mm&r=g\",\"contentUrl\":\"https:\\\/\\\/secure.gravatar.com\\\/avatar\\\/6d0b0db2e85dd36135bfa9d9bce8a3a02aedd5ee63ff17c1cd1271b1cd1581c3?s=96&d=mm&r=g\",\"caption\":\"Mongikhadraoui\"},\"sameAs\":[\"https:\\\/\\\/jdd-tunisie.com\\\/fr\"]}]}<\/script>\n<!-- \/ Yoast SEO plugin. -->","yoast_head_json":{"title":"Contact | JDD TUNISIE FR","robots":{"index":"index","follow":"follow","max-snippet":"max-snippet:-1","max-image-preview":"max-image-preview:large","max-video-preview":"max-video-preview:-1"},"canonical":"https:\/\/jdd-tunisie.com\/fr\/contact\/","og_locale":"fr_FR","og_type":"article","og_title":"Contact | JDD TUNISIE FR","og_url":"https:\/\/jdd-tunisie.com\/fr\/contact\/","og_site_name":"JDD TUNISIE FR","article_publisher":"https:\/\/www.facebook.com\/JDDTunisie","og_image":[{"width":391,"height":129,"url":"https:\/\/jdd-tunisie.com\/fr\/wp-content\/uploads\/2025\/11\/Logo.png","type":"image\/png"}],"twitter_card":"summary_large_image","twitter_site":"@JddTunisie","schema":{"@context":"https:\/\/schema.org","@graph":[{"@type":"NewsArticle","@id":"https:\/\/jdd-tunisie.com\/fr\/contact\/#article","isPartOf":{"@id":"https:\/\/jdd-tunisie.com\/fr\/contact\/"},"author":{"name":"Mongikhadraoui","@id":"https:\/\/jdd-tunisie.com\/fr\/#\/schema\/person\/8dfe30aced71517f8487451792ff46e0"},"headline":"Contact","datePublished":"2021-01-13T13:50:43+00:00","mainEntityOfPage":{"@id":"https:\/\/jdd-tunisie.com\/fr\/contact\/"},"wordCount":7,"publisher":{"@id":"https:\/\/jdd-tunisie.com\/fr\/#organization"},"inLanguage":"fr-FR"},{"@type":"WebPage","@id":"https:\/\/jdd-tunisie.com\/fr\/contact\/","url":"https:\/\/jdd-tunisie.com\/fr\/contact\/","name":"Contact | JDD TUNISIE FR","isPartOf":{"@id":"https:\/\/jdd-tunisie.com\/fr\/#website"},"datePublished":"2021-01-13T13:50:43+00:00","breadcrumb":{"@id":"https:\/\/jdd-tunisie.com\/fr\/contact\/#breadcrumb"},"inLanguage":"fr-FR","potentialAction":[{"@type":"ReadAction","target":["https:\/\/jdd-tunisie.com\/fr\/contact\/"]}]},{"@type":"BreadcrumbList","@id":"https:\/\/jdd-tunisie.com\/fr\/contact\/#breadcrumb","itemListElement":[{"@type":"ListItem","position":1,"name":"Accueil","item":"https:\/\/jdd-tunisie.com\/fr\/"},{"@type":"ListItem","position":2,"name":"Contact"}]},{"@type":"WebSite","@id":"https:\/\/jdd-tunisie.com\/fr\/#website","url":"https:\/\/jdd-tunisie.com\/fr\/","name":"JDD Tunisie","description":"JDD Tunisie - M\u00e9dia de Qualit\u00e9 | Actualit\u00e9 Tunisienne | Information Objective","publisher":{"@id":"https:\/\/jdd-tunisie.com\/fr\/#organization"},"alternateName":"JDD Tunisie fr","potentialAction":[{"@type":"SearchAction","target":{"@type":"EntryPoint","urlTemplate":"https:\/\/jdd-tunisie.com\/fr\/?s={search_term_string}"},"query-input":{"@type":"PropertyValueSpecification","valueRequired":true,"valueName":"search_term_string"}}],"inLanguage":"fr-FR"},{"@type":"Organization","@id":"https:\/\/jdd-tunisie.com\/fr\/#organization","name":"JDD TUNISIE","alternateName":"JDD TUNISIE fr","url":"https:\/\/jdd-tunisie.com\/fr\/","logo":{"@type":"ImageObject","inLanguage":"fr-FR","@id":"https:\/\/jdd-tunisie.com\/fr\/#\/schema\/logo\/image\/","url":"https:\/\/jdd-tunisie.com\/fr\/wp-content\/uploads\/2025\/11\/LogoN_Noir.png","contentUrl":"https:\/\/jdd-tunisie.com\/fr\/wp-content\/uploads\/2025\/11\/LogoN_Noir.png","width":299,"height":338,"caption":"JDD TUNISIE"},"image":{"@id":"https:\/\/jdd-tunisie.com\/fr\/#\/schema\/logo\/image\/"},"sameAs":["https:\/\/www.facebook.com\/JDDTunisie","https:\/\/x.com\/JddTunisie","https:\/\/www.pinterest.com\/khadraouimongi","https:\/\/www.linkedin.com\/company\/jdd-tunisie","https:\/\/www.instagram.com\/jddtunisie\/"]},{"@type":"Person","@id":"https:\/\/jdd-tunisie.com\/fr\/#\/schema\/person\/8dfe30aced71517f8487451792ff46e0","name":"Mongikhadraoui","image":{"@type":"ImageObject","inLanguage":"fr-FR","@id":"https:\/\/secure.gravatar.com\/avatar\/6d0b0db2e85dd36135bfa9d9bce8a3a02aedd5ee63ff17c1cd1271b1cd1581c3?s=96&d=mm&r=g","url":"https:\/\/secure.gravatar.com\/avatar\/6d0b0db2e85dd36135bfa9d9bce8a3a02aedd5ee63ff17c1cd1271b1cd1581c3?s=96&d=mm&r=g","contentUrl":"https:\/\/secure.gravatar.com\/avatar\/6d0b0db2e85dd36135bfa9d9bce8a3a02aedd5ee63ff17c1cd1271b1cd1581c3?s=96&d=mm&r=g","caption":"Mongikhadraoui"},"sameAs":["https:\/\/jdd-tunisie.com\/fr"]}]}},"_links":{"self":[{"href":"https:\/\/jdd-tunisie.com\/fr\/wp-json\/wp\/v2\/pages\/608","targetHints":{"allow":["GET"]}}],"collection":[{"href":"https:\/\/jdd-tunisie.com\/fr\/wp-json\/wp\/v2\/pages"}],"about":[{"href":"https:\/\/jdd-tunisie.com\/fr\/wp-json\/wp\/v2\/types\/page"}],"author":[{"embeddable":true,"href":"https:\/\/jdd-tunisie.com\/fr\/wp-json\/wp\/v2\/users\/1"}],"replies":[{"embeddable":true,"href":"https:\/\/jdd-tunisie.com\/fr\/wp-json\/wp\/v2\/comments?post=608"}],"version-history":[{"count":0,"href":"https:\/\/jdd-tunisie.com\/fr\/wp-json\/wp\/v2\/pages\/608\/revisions"}],"wp:attachment":[{"href":"https:\/\/jdd-tunisie.com\/fr\/wp-json\/wp\/v2\/media?parent=608"}],"curies":[{"name":"wp","href":"https:\/\/api.w.org\/{rel}","templated":true}]}}